{"id":12830,"date":"2023-06-28T16:52:55","date_gmt":"2023-06-28T14:52:55","guid":{"rendered":"https:\/\/thebarnyard.nl\/buchung\/"},"modified":"2026-03-11T09:29:36","modified_gmt":"2026-03-11T08:29:36","slug":"reservierung","status":"publish","type":"page","link":"https:\/\/thebarnyard.nl\/de\/reservierung\/","title":{"rendered":"Reservierung"},"content":{"rendered":"<p>[et_pb_section fb_built=&#8220;1&#8243; _builder_version=&#8220;4.22.0&#8243; _module_preset=&#8220;default&#8220; custom_padding=&#8220;38px|||||&#8220; border_color_top=&#8220;#A4ABBD&#8220; border_color_bottom=&#8220;#A4ABBD&#8220; global_colors_info=&#8220;{}&#8220;][et_pb_row _builder_version=&#8220;4.21.0&#8243; _module_preset=&#8220;default&#8220; global_colors_info=&#8220;{}&#8220;][et_pb_column type=&#8220;4_4&#8243; _builder_version=&#8220;4.21.0&#8243; _module_preset=&#8220;default&#8220; global_colors_info=&#8220;{}&#8220;][et_pb_text _builder_version=&#8220;4.21.0&#8243; _module_preset=&#8220;default&#8220; header_text_align=&#8220;center&#8220; global_colors_info=&#8220;{}&#8220;]<\/p>\n<h1>Reservierung<\/h1>\n<p>[\/et_pb_text][et_pb_divider color=&#8220;#898989&#8243; _builder_version=&#8220;4.21.0&#8243; _module_preset=&#8220;default&#8220; width=&#8220;9%&#8220; module_alignment=&#8220;center&#8220; custom_margin=&#8220;-20px||||false|false&#8220; custom_padding=&#8220;0px||||false|false&#8220; locked=&#8220;off&#8220; global_colors_info=&#8220;{}&#8220;][\/et_pb_divider][et_pb_text _builder_version=&#8220;4.27.6&#8243; _module_preset=&#8220;default&#8220; text_orientation=&#8220;center&#8220; hover_enabled=&#8220;0&#8243; locked=&#8220;off&#8220; global_colors_info=&#8220;{}&#8220; sticky_enabled=&#8220;0&#8243;]<\/p>\n<p>Wir verwenden bedandbreakfast.nl f\u00fcr unsere Reservierungen.<br \/>Unsere Zimmerpreise sind inklusive Fr\u00fchst\u00fcck und Kurtaxe.<\/p>\n<p>[\/et_pb_text][et_pb_code _builder_version=&#8220;4.21.0&#8243; _module_preset=&#8220;default&#8220; global_colors_info=&#8220;{}&#8220;]<iframe loading=\"lazy\" src=\"https:\/\/www.bedandbreakfast.nl\/ibook\/v2\/57871\/nl\/black\" width=\"100%\" height=\"780\" frameborder=\"0\" allowtransparency=\"true\"><\/iframe> [\/et_pb_code][\/et_pb_column][\/et_pb_row][\/et_pb_section][et_pb_section fb_built=&#8220;1&#8243; disabled_on=&#8220;off|off|off&#8220; module_id=&#8220;Kontakt&#8220; _builder_version=&#8220;4.23&#8243; background_color=&#8220;#FFFFFF&#8220; custom_padding=&#8220;35px|||||&#8220; global_module=&#8220;10596&#8243; saved_tabs=&#8220;all&#8220; global_colors_info=&#8220;{}&#8220;][et_pb_row column_structure=&#8220;1_3,1_3,1_3&#8243; _builder_version=&#8220;4.22.0&#8243; max_width=&#8220;100%&#8220; custom_padding=&#8220;100px||||false|false&#8220; border_color_all=&#8220;#bfbfbf&#8220; border_width_top=&#8220;1px&#8220; global_colors_info=&#8220;{}&#8220; max_width__hover_enabled=&#8220;on|desktop&#8220; max_width__hover=&#8220;100%&#8220;][et_pb_column type=&#8220;1_3&#8243; _builder_version=&#8220;4.16&#8243; background_enable_color=&#8220;off&#8220; global_colors_info=&#8220;{}&#8220;][et_pb_text _builder_version=&#8220;4.23&#8243; text_text_color=&#8220;#5E5E5E&#8220; header_3_font=&#8220;|700|||||||&#8220; header_3_text_color=&#8220;#5E5E5E&#8220; header_3_line_height=&#8220;1.4em&#8220; custom_margin=&#8220;||||false|false&#8220; custom_padding=&#8220;||||false|false&#8220; border_color_left=&#8220;#FFFFFF&#8220; global_colors_info=&#8220;{}&#8220;]<\/p>\n<h1 style=\"text-align: left;\">Adresse<\/h1>\n<p style=\"text-align: left;\">Garmingerstukken 2 9438 TA Garminge<\/p>\n<p>[\/et_pb_text][et_pb_code _builder_version=&#8220;4.23&#8243; _module_preset=&#8220;default&#8220; global_colors_info=&#8220;{}&#8220;]<iframe src=\"https:\/\/www.google.com\/maps\/embed?pb=!1m14!1m8!1m3!1d9644.217802726505!2d6.621503!3d52.8213823!3m2!1i1024!2i768!4f13.1!3m3!1m2!1s0x47c81f1f7723d881%3A0xc47442e048425c12!2sThe%20Barnyard%20-%20Bed%20en%20Breakfast%20Drenthe!5e0!3m2!1snl!2snl!4v1685100544341!5m2!1snl!2snl\" width=\"600\" height=\"200\" style=\"border:0;\" allowfullscreen=\"\" loading=\"lazy\" referrerpolicy=\"no-referrer-when-downgrade\"><\/iframe>[\/et_pb_code][\/et_pb_column][et_pb_column type=&#8220;1_3&#8243; _builder_version=&#8220;4.16&#8243; global_colors_info=&#8220;{}&#8220;][et_pb_text _builder_version=&#8220;4.23&#8243; text_text_color=&#8220;#5E5E5E&#8220; header_3_font=&#8220;|700|||||||&#8220; header_3_text_color=&#8220;#5E5E5E&#8220; header_3_line_height=&#8220;1.4em&#8220; custom_margin=&#8220;||||false|false&#8220; custom_padding=&#8220;||||false|false&#8220; border_color_left=&#8220;#FFFFFF&#8220; global_colors_info=&#8220;{}&#8220;]<\/p>\n<h1>Informationen<\/h1>\n<p>Luxuri\u00f6ses Bed &amp; Breakfast in Drenthe, f\u00fcr eine besondere \u00dcbernachtung oder ein Wochenende in Drenthe.<\/p>\n<p>[\/et_pb_text][et_pb_text _builder_version=&#8220;4.23&#8243; text_text_color=&#8220;#5E5E5E&#8220; header_3_font=&#8220;|700|||||||&#8220; header_3_text_color=&#8220;#5E5E5E&#8220; header_3_line_height=&#8220;1.4em&#8220; custom_margin=&#8220;||||false|false&#8220; custom_padding=&#8220;||||false|false&#8220; border_color_left=&#8220;#FFFFFF&#8220; global_colors_info=&#8220;{}&#8220; link_text_color__hover_enabled=&#8220;on|hover&#8220; link_text_color__hover=&#8220;#95A737&#8243;]<\/p>\n<h1>E-Mail<\/h1>\n<p><span style=\"color: #808080;\"><a style=\"color: #808080;\" href=\"mailto:info@thebarnyard.nl\">info@thebarnyard.nl<\/a><br \/><\/span><\/p>\n<p>[\/et_pb_text][et_pb_text _builder_version=&#8220;4.23&#8243; text_text_color=&#8220;#5E5E5E&#8220; header_3_font=&#8220;|700|||||||&#8220; header_3_text_color=&#8220;#5E5E5E&#8220; header_3_line_height=&#8220;1.4em&#8220; custom_margin=&#8220;||||false|false&#8220; custom_padding=&#8220;||||false|false&#8220; border_color_left=&#8220;#FFFFFF&#8220; global_colors_info=&#8220;{}&#8220; link_text_color__hover_enabled=&#8220;on|hover&#8220; link_text_color__hover=&#8220;#95A737&#8243;]<\/p>\n<h1>Telefon<\/h1>\n<p><span style=\"color: #808080;\"><a style=\"color: #808080;\" href=\"tel:+31657731889\">+31 6-57731889<\/a><br \/><\/span><\/p>\n<p>[\/et_pb_text][\/et_pb_column][et_pb_column type=&#8220;1_3&#8243; _builder_version=&#8220;4.16&#8243; global_colors_info=&#8220;{}&#8220;][et_pb_text _builder_version=&#8220;4.23&#8243; text_text_color=&#8220;#5E5E5E&#8220; text_line_height=&#8220;1em&#8220; header_3_font=&#8220;|700|||||||&#8220; header_3_text_color=&#8220;#5E5E5E&#8220; header_3_line_height=&#8220;1.4em&#8220; custom_margin=&#8220;||10px||false|false&#8220; custom_padding=&#8220;||||false|false&#8220; border_color_left=&#8220;#FFFFFF&#8220; global_colors_info=&#8220;{}&#8220;]<\/p>\n<h1>Navigation<\/h1>\n<p>[\/et_pb_text][et_pb_text _builder_version=&#8220;4.23&#8243; text_text_color=&#8220;#5E5E5E&#8220; link_text_color=&#8220;#5E5E5E&#8220; header_3_font=&#8220;|700|||||||&#8220; header_3_text_color=&#8220;#5E5E5E&#8220; header_3_line_height=&#8220;1.4em&#8220; custom_margin=&#8220;||||false|false&#8220; custom_padding=&#8220;||||false|false&#8220; border_color_left=&#8220;#FFFFFF&#8220; global_colors_info=&#8220;{}&#8220; link_text_color__hover=&#8220;#95A737&#8243; link_text_color__hover_enabled=&#8220;on|hover&#8220;]<\/p>\n<p><a href=\"\/\">Zimmer<\/a><br \/><a href=\"https:\/\/thebarnyard.nl\/de\/uebernachtung-und-fruehstueck\/\">\u00dcbernachtung &amp; Fr\u00fchst\u00fcck<\/a><br \/><a href=\"https:\/\/thebarnyard.nl\/de\/bewertungen\/\">Bewertungen<\/a><br \/><a href=\"https:\/\/thebarnyard.nl\/de\/reservierung\/\">Reservierung<\/a><br \/><a href=\"https:\/\/thebarnyard.nl\/de\/umgebung\/\">Umgebung<\/a><\/p>\n<p>[\/et_pb_text][\/et_pb_column][\/et_pb_row][\/et_pb_section]<\/p>\n","protected":false},"excerpt":{"rendered":"<p>ReservierungWir verwenden bedandbreakfast.nl f\u00fcr unsere Reservierungen.Unsere Zimmerpreise sind inklusive Fr\u00fchst\u00fcck und Kurtaxe.Adresse Garmingerstukken 2 9438 TA GarmingeInformationen Luxuri\u00f6ses Bed &amp; Breakfast in Drenthe, f\u00fcr eine besondere \u00dcbernachtung oder ein Wochenende in Drenthe.E-Mail info@thebarnyard.nlTelefon +31 6-57731889NavigationZimmer\u00dcbernachtung &amp; Fr\u00fchst\u00fcckBewertungenReservierungUmgebung<\/p>\n","protected":false},"author":1,"featured_media":0,"parent":0,"menu_order":0,"comment_status":"closed","ping_status":"closed","template":"","meta":{"_et_pb_use_builder":"on","_et_pb_old_content":"","_et_gb_content_width":"","footnotes":""},"class_list":["post-12830","page","type-page","status-publish","hentry"],"acf":[],"yoast_head":"<!-- This site is optimized with the Yoast SEO plugin v27.5 - https:\/\/yoast.com\/product\/yoast-seo-wordpress\/ -->\n<title>Reservierung | The Barnyard<\/title>\n<meta name=\"description\" content=\"Wir verwenden bedandbreakfast.nl f\u00fcr unsere Reservierungen, unsere Zimmerpreise sind inklusive Fr\u00fchst\u00fcck und Kurtaxe.\" \/>\n<meta name=\"robots\" content=\"index, follow, max-snippet:-1, max-image-preview:large, max-video-preview:-1\" \/>\n<link rel=\"canonical\" href=\"https:\/\/thebarnyard.nl\/de\/reservierung\/\" \/>\n<meta property=\"og:locale\" content=\"de_DE\" \/>\n<meta property=\"og:type\" content=\"article\" \/>\n<meta property=\"og:title\" content=\"Reservierung | The Barnyard\" \/>\n<meta property=\"og:description\" content=\"Wir verwenden bedandbreakfast.nl f\u00fcr unsere Reservierungen, unsere Zimmerpreise sind inklusive Fr\u00fchst\u00fcck und Kurtaxe.\" \/>\n<meta property=\"og:site_name\" content=\"The Barnyard\" \/>\n<meta property=\"article:publisher\" content=\"https:\/\/www.facebook.com\/profile.php?id=100063474733375\" \/>\n<meta property=\"article:modified_time\" content=\"2026-03-11T08:29:36+00:00\" \/>\n<meta property=\"og:image\" content=\"https:\/\/thebarnyard.nl\/wp-content\/uploads\/2023\/08\/The-Barnyard-Social-Share-image.jpg\" \/>\n\t<meta property=\"og:image:width\" content=\"1200\" \/>\n\t<meta property=\"og:image:height\" content=\"628\" \/>\n\t<meta property=\"og:image:type\" content=\"image\/jpeg\" \/>\n<meta name=\"twitter:card\" content=\"summary_large_image\" \/>\n<meta name=\"twitter:label1\" content=\"Gesch\u00e4tzte Lesezeit\" \/>\n\t<meta name=\"twitter:data1\" content=\"3\u00a0Minuten\" \/>\n<script type=\"application\/ld+json\" class=\"yoast-schema-graph\">{\"@context\":\"https:\\\/\\\/schema.org\",\"@graph\":[{\"@type\":\"WebPage\",\"@id\":\"https:\\\/\\\/thebarnyard.nl\\\/de\\\/reservierung\\\/\",\"url\":\"https:\\\/\\\/thebarnyard.nl\\\/de\\\/reservierung\\\/\",\"name\":\"Reservierung | The Barnyard\",\"isPartOf\":{\"@id\":\"https:\\\/\\\/thebarnyard.nl\\\/de\\\/#website\"},\"datePublished\":\"2023-06-28T14:52:55+00:00\",\"dateModified\":\"2026-03-11T08:29:36+00:00\",\"description\":\"Wir verwenden bedandbreakfast.nl f\u00fcr unsere Reservierungen, unsere Zimmerpreise sind inklusive Fr\u00fchst\u00fcck und Kurtaxe.\",\"breadcrumb\":{\"@id\":\"https:\\\/\\\/thebarnyard.nl\\\/de\\\/reservierung\\\/#breadcrumb\"},\"inLanguage\":\"de\",\"potentialAction\":[{\"@type\":\"ReadAction\",\"target\":[\"https:\\\/\\\/thebarnyard.nl\\\/de\\\/reservierung\\\/\"]}]},{\"@type\":\"BreadcrumbList\",\"@id\":\"https:\\\/\\\/thebarnyard.nl\\\/de\\\/reservierung\\\/#breadcrumb\",\"itemListElement\":[{\"@type\":\"ListItem\",\"position\":1,\"name\":\"Home\",\"item\":\"https:\\\/\\\/thebarnyard.nl\\\/de\\\/\"},{\"@type\":\"ListItem\",\"position\":2,\"name\":\"Reservierung\"}]},{\"@type\":\"WebSite\",\"@id\":\"https:\\\/\\\/thebarnyard.nl\\\/de\\\/#website\",\"url\":\"https:\\\/\\\/thebarnyard.nl\\\/de\\\/\",\"name\":\"The Barnyard\",\"description\":\"Bed &amp; Breakfast Drenthe\",\"publisher\":{\"@id\":\"https:\\\/\\\/thebarnyard.nl\\\/de\\\/#organization\"},\"potentialAction\":[{\"@type\":\"SearchAction\",\"target\":{\"@type\":\"EntryPoint\",\"urlTemplate\":\"https:\\\/\\\/thebarnyard.nl\\\/de\\\/?s={search_term_string}\"},\"query-input\":{\"@type\":\"PropertyValueSpecification\",\"valueRequired\":true,\"valueName\":\"search_term_string\"}}],\"inLanguage\":\"de\"},{\"@type\":\"Organization\",\"@id\":\"https:\\\/\\\/thebarnyard.nl\\\/de\\\/#organization\",\"name\":\"The Barnyard\",\"url\":\"https:\\\/\\\/thebarnyard.nl\\\/de\\\/\",\"logo\":{\"@type\":\"ImageObject\",\"inLanguage\":\"de\",\"@id\":\"https:\\\/\\\/thebarnyard.nl\\\/de\\\/#\\\/schema\\\/logo\\\/image\\\/\",\"url\":\"https:\\\/\\\/thebarnyard.nl\\\/wp-content\\\/uploads\\\/2023\\\/05\\\/Logo-The-Barnyard.jpg\",\"contentUrl\":\"https:\\\/\\\/thebarnyard.nl\\\/wp-content\\\/uploads\\\/2023\\\/05\\\/Logo-The-Barnyard.jpg\",\"width\":226,\"height\":135,\"caption\":\"The Barnyard\"},\"image\":{\"@id\":\"https:\\\/\\\/thebarnyard.nl\\\/de\\\/#\\\/schema\\\/logo\\\/image\\\/\"},\"sameAs\":[\"https:\\\/\\\/www.facebook.com\\\/profile.php?id=100063474733375\",\"https:\\\/\\\/www.instagram.com\\\/farmlodges_the_barnyard\\\/\"]}]}<\/script>\n<!-- \/ Yoast SEO plugin. -->","yoast_head_json":{"title":"Reservierung | The Barnyard","description":"Wir verwenden bedandbreakfast.nl f\u00fcr unsere Reservierungen, unsere Zimmerpreise sind inklusive Fr\u00fchst\u00fcck und Kurtaxe.","robots":{"index":"index","follow":"follow","max-snippet":"max-snippet:-1","max-image-preview":"max-image-preview:large","max-video-preview":"max-video-preview:-1"},"canonical":"https:\/\/thebarnyard.nl\/de\/reservierung\/","og_locale":"de_DE","og_type":"article","og_title":"Reservierung | The Barnyard","og_description":"Wir verwenden bedandbreakfast.nl f\u00fcr unsere Reservierungen, unsere Zimmerpreise sind inklusive Fr\u00fchst\u00fcck und Kurtaxe.","og_site_name":"The Barnyard","article_publisher":"https:\/\/www.facebook.com\/profile.php?id=100063474733375","article_modified_time":"2026-03-11T08:29:36+00:00","og_image":[{"width":1200,"height":628,"url":"https:\/\/thebarnyard.nl\/wp-content\/uploads\/2023\/08\/The-Barnyard-Social-Share-image.jpg","type":"image\/jpeg"}],"twitter_card":"summary_large_image","twitter_misc":{"Gesch\u00e4tzte Lesezeit":"3\u00a0Minuten"},"schema":{"@context":"https:\/\/schema.org","@graph":[{"@type":"WebPage","@id":"https:\/\/thebarnyard.nl\/de\/reservierung\/","url":"https:\/\/thebarnyard.nl\/de\/reservierung\/","name":"Reservierung | The Barnyard","isPartOf":{"@id":"https:\/\/thebarnyard.nl\/de\/#website"},"datePublished":"2023-06-28T14:52:55+00:00","dateModified":"2026-03-11T08:29:36+00:00","description":"Wir verwenden bedandbreakfast.nl f\u00fcr unsere Reservierungen, unsere Zimmerpreise sind inklusive Fr\u00fchst\u00fcck und Kurtaxe.","breadcrumb":{"@id":"https:\/\/thebarnyard.nl\/de\/reservierung\/#breadcrumb"},"inLanguage":"de","potentialAction":[{"@type":"ReadAction","target":["https:\/\/thebarnyard.nl\/de\/reservierung\/"]}]},{"@type":"BreadcrumbList","@id":"https:\/\/thebarnyard.nl\/de\/reservierung\/#breadcrumb","itemListElement":[{"@type":"ListItem","position":1,"name":"Home","item":"https:\/\/thebarnyard.nl\/de\/"},{"@type":"ListItem","position":2,"name":"Reservierung"}]},{"@type":"WebSite","@id":"https:\/\/thebarnyard.nl\/de\/#website","url":"https:\/\/thebarnyard.nl\/de\/","name":"The Barnyard","description":"Bed &amp; Breakfast Drenthe","publisher":{"@id":"https:\/\/thebarnyard.nl\/de\/#organization"},"potentialAction":[{"@type":"SearchAction","target":{"@type":"EntryPoint","urlTemplate":"https:\/\/thebarnyard.nl\/de\/?s={search_term_string}"},"query-input":{"@type":"PropertyValueSpecification","valueRequired":true,"valueName":"search_term_string"}}],"inLanguage":"de"},{"@type":"Organization","@id":"https:\/\/thebarnyard.nl\/de\/#organization","name":"The Barnyard","url":"https:\/\/thebarnyard.nl\/de\/","logo":{"@type":"ImageObject","inLanguage":"de","@id":"https:\/\/thebarnyard.nl\/de\/#\/schema\/logo\/image\/","url":"https:\/\/thebarnyard.nl\/wp-content\/uploads\/2023\/05\/Logo-The-Barnyard.jpg","contentUrl":"https:\/\/thebarnyard.nl\/wp-content\/uploads\/2023\/05\/Logo-The-Barnyard.jpg","width":226,"height":135,"caption":"The Barnyard"},"image":{"@id":"https:\/\/thebarnyard.nl\/de\/#\/schema\/logo\/image\/"},"sameAs":["https:\/\/www.facebook.com\/profile.php?id=100063474733375","https:\/\/www.instagram.com\/farmlodges_the_barnyard\/"]}]}},"_links":{"self":[{"href":"https:\/\/thebarnyard.nl\/de\/wp-json\/wp\/v2\/pages\/12830","targetHints":{"allow":["GET"]}}],"collection":[{"href":"https:\/\/thebarnyard.nl\/de\/wp-json\/wp\/v2\/pages"}],"about":[{"href":"https:\/\/thebarnyard.nl\/de\/wp-json\/wp\/v2\/types\/page"}],"author":[{"embeddable":true,"href":"https:\/\/thebarnyard.nl\/de\/wp-json\/wp\/v2\/users\/1"}],"replies":[{"embeddable":true,"href":"https:\/\/thebarnyard.nl\/de\/wp-json\/wp\/v2\/comments?post=12830"}],"version-history":[{"count":18,"href":"https:\/\/thebarnyard.nl\/de\/wp-json\/wp\/v2\/pages\/12830\/revisions"}],"predecessor-version":[{"id":13834,"href":"https:\/\/thebarnyard.nl\/de\/wp-json\/wp\/v2\/pages\/12830\/revisions\/13834"}],"wp:attachment":[{"href":"https:\/\/thebarnyard.nl\/de\/wp-json\/wp\/v2\/media?parent=12830"}],"curies":[{"name":"wp","href":"https:\/\/api.w.org\/{rel}","templated":true}]}}