{"id":12832,"date":"2023-06-28T17:25:34","date_gmt":"2023-06-28T15:25:34","guid":{"rendered":"https:\/\/thebarnyard.nl\/uebernachtung-und-fruehstueck\/"},"modified":"2023-10-22T17:34:11","modified_gmt":"2023-10-22T15:34:11","slug":"uebernachtung-und-fruehstueck","status":"publish","type":"page","link":"https:\/\/thebarnyard.nl\/de\/uebernachtung-und-fruehstueck\/","title":{"rendered":"Bed &amp; Breakfast"},"content":{"rendered":"<p>[et_pb_section fb_built=&#8220;1&#8243; _builder_version=&#8220;4.21.0&#8243; _module_preset=&#8220;default&#8220; background_enable_image=&#8220;off&#8220; width=&#8220;80vw&#8220; width_tablet=&#8220;90vw&#8220; width_phone=&#8220;100vw&#8220; width_last_edited=&#8220;on|phone&#8220; module_alignment=&#8220;center&#8220; custom_padding=&#8220;0px|0px|0px|0px|false|false&#8220; bottom_divider_height=&#8220;43px&#8220; bottom_divider_flip=&#8220;horizontal|vertical&#8220; locked=&#8220;off&#8220; global_colors_info=&#8220;{}&#8220;][et_pb_row _builder_version=&#8220;4.21.0&#8243; _module_preset=&#8220;default&#8220; width=&#8220;100%&#8220; max_width=&#8220;2200px&#8220; custom_margin=&#8220;0px||0px|0px|false|false&#8220; custom_padding=&#8220;0px|0px|0px|0px|false|false&#8220; global_colors_info=&#8220;{}&#8220;][et_pb_column type=&#8220;4_4&#8243; _builder_version=&#8220;4.19.0&#8243; _module_preset=&#8220;default&#8220; global_colors_info=&#8220;{}&#8220;][et_pb_slider _builder_version=&#8220;4.21.0&#8243; _module_preset=&#8220;default&#8220; max_height_tablet=&#8220;&#8220; max_height_phone=&#8220;300px&#8220; max_height_last_edited=&#8220;on|phone&#8220; custom_padding=&#8220;379px|||||&#8220; global_colors_info=&#8220;{}&#8220;][et_pb_slide button_link=&#8220;#Reservierung&#8220; _builder_version=&#8220;4.21.0&#8243; _module_preset=&#8220;default&#8220; header_level=&#8220;h2&#8243; header_font=&#8220;||||||||&#8220; header_font_size=&#8220;99px&#8220; body_font_size=&#8220;55px&#8220; background_enable_color=&#8220;off&#8220; background_image=&#8220;https:\/\/thebarnyard.nl\/wp-content\/uploads\/2023\/07\/The-Barnyard-Bed-en-Breakfast-Midden-Drenthe-BBimage1-1.jpg&#8220; background_enable_image=&#8220;on&#8220; global_colors_info=&#8220;{}&#8220; sticky_transition=&#8220;on&#8220;][\/et_pb_slide][\/et_pb_slider][\/et_pb_column][\/et_pb_row][et_pb_row _builder_version=&#8220;4.21.0&#8243; _module_preset=&#8220;default&#8220; width=&#8220;100%&#8220; max_width=&#8220;2200px&#8220; custom_padding=&#8220;||6px||false|false&#8220; saved_tabs=&#8220;all&#8220; global_colors_info=&#8220;{}&#8220; global_module=&#8220;13467&#8243; theme_builder_area=&#8220;post_content&#8220;][et_pb_column type=&#8220;4_4&#8243; _builder_version=&#8220;4.21.0&#8243; _module_preset=&#8220;default&#8220; global_colors_info=&#8220;{}&#8220; theme_builder_area=&#8220;post_content&#8220;][et_pb_text _builder_version=&#8220;4.23&#8243; _module_preset=&#8220;default&#8220; text_font=&#8220;Cormorant|700|||||||&#8220; text_text_color=&#8220;#223903&#8243; background_color=&#8220;#FFFFFF&#8220; width=&#8220;140px&#8220; width_tablet=&#8220;140px&#8220; width_phone=&#8220;145px&#8220; width_last_edited=&#8220;on|phone&#8220; custom_margin=&#8220;-100px|||0px|false|false&#8220; custom_padding=&#8220;5px|5px|5px|15px|true|false&#8220; link_option_url=&#8220;https:\/\/thebarnyard.nl\/de\/reservierung\/&#8220; global_colors_info=&#8220;{}&#8220; text_text_color__hover_enabled=&#8220;on|desktop&#8220; text_text_color__hover=&#8220;#95A737&#8243; theme_builder_area=&#8220;post_content&#8220;]<\/p>\n<p>Reservierung<\/p>\n<p>[\/et_pb_text][\/et_pb_column][\/et_pb_row][\/et_pb_section][et_pb_section fb_built=&#8220;1&#8243; module_id=&#8220;Lodges&#8220; _builder_version=&#8220;4.22.0&#8243; _module_preset=&#8220;default&#8220; width=&#8220;80vw&#8220; width_tablet=&#8220;90vw&#8220; width_phone=&#8220;100vw&#8220; width_last_edited=&#8220;on|phone&#8220; module_alignment=&#8220;center&#8220; custom_padding=&#8220;9px||36px|||&#8220; border_color_top=&#8220;#A4ABBD&#8220; border_color_bottom=&#8220;#A4ABBD&#8220; locked=&#8220;off&#8220; global_colors_info=&#8220;{}&#8220;][et_pb_row _builder_version=&#8220;4.21.0&#8243; _module_preset=&#8220;default&#8220; custom_padding=&#8220;6px|||||&#8220; global_colors_info=&#8220;{}&#8220;][et_pb_column type=&#8220;4_4&#8243; _builder_version=&#8220;4.21.0&#8243; _module_preset=&#8220;default&#8220; global_colors_info=&#8220;{}&#8220;][et_pb_text _builder_version=&#8220;4.21.0&#8243; _dynamic_attributes=&#8220;content&#8220; _module_preset=&#8220;default&#8220; header_text_align=&#8220;center&#8220; global_colors_info=&#8220;{}&#8220;]@ET-DC@eyJkeW5hbWljIjp0cnVlLCJjb250ZW50IjoicG9zdF90aXRsZSIsInNldHRpbmdzIjp7ImJlZm9yZSI6IjxoMT4iLCJhZnRlciI6IjxcL2gxPiJ9fQ==@[\/et_pb_text][et_pb_divider color=&#8220;#898989&#8243; _builder_version=&#8220;4.21.0&#8243; _module_preset=&#8220;default&#8220; width=&#8220;9%&#8220; module_alignment=&#8220;center&#8220; custom_margin=&#8220;-20px||||false|false&#8220; custom_padding=&#8220;0px||||false|false&#8220; locked=&#8220;off&#8220; global_colors_info=&#8220;{}&#8220;][\/et_pb_divider][\/et_pb_column][\/et_pb_row][et_pb_row column_structure=&#8220;1_2,1_2&#8243; use_custom_gutter=&#8220;on&#8220; gutter_width=&#8220;2&#8243; _builder_version=&#8220;4.22.1&#8243; _module_preset=&#8220;default&#8220; width=&#8220;100%&#8220; global_colors_info=&#8220;{}&#8220;][et_pb_column type=&#8220;1_2&#8243; _builder_version=&#8220;4.22.0&#8243; _module_preset=&#8220;default&#8220; background_color=&#8220;#EFEFEF&#8220; custom_padding=&#8220;40px|40px|40px|40px|true|true&#8220; custom_css_main_element=&#8220;margin-top: 10px&#8220; global_colors_info=&#8220;{}&#8220;][et_pb_text _builder_version=&#8220;4.21.0&#8243; _module_preset=&#8220;default&#8220; header_text_align=&#8220;left&#8220; custom_margin=&#8220;||||false|false&#8220; global_colors_info=&#8220;{}&#8220;]<\/p>\n<h1>Einrichtungen<\/h1>\n<p>[\/et_pb_text][et_pb_divider color=&#8220;#898989&#8243; _builder_version=&#8220;4.21.0&#8243; _module_preset=&#8220;default&#8220; width=&#8220;9%&#8220; module_alignment=&#8220;left&#8220; custom_margin=&#8220;-20px||5px||false|false&#8220; custom_padding=&#8220;0px||0px||false|false&#8220; locked=&#8220;off&#8220; global_colors_info=&#8220;{}&#8220;][\/et_pb_divider][et_pb_image src=&#8220;https:\/\/thebarnyard.nl\/wp-content\/uploads\/2023\/07\/The-Barnyard-Bed-en-Breakfast-Midden-Drenthe-icons-2.png&#8220; alt=&#8220;Parkplatz &#8211; Kochnische &#8211; Getr\u00e4nke &#8211; rauchfrei &#8211; Terrasse &#8211; Wifi &#8211; Touristeninformation&#8220; title_text=&#8220;Parkplatz &#8211; Kochnische &#8211; Getr\u00e4nke &#8211; rauchfrei &#8211; Terrasse &#8211; Wifi &#8211; Touristeninformation&#8220; show_in_lightbox=&#8220;on&#8220; _builder_version=&#8220;4.21.0&#8243; _module_preset=&#8220;default&#8220; background_color=&#8220;rgba(237,237,237,0)&#8220; width=&#8220;100%&#8220; global_colors_info=&#8220;{}&#8220;][\/et_pb_image][et_pb_accordion open_toggle_background_color=&#8220;RGBA(255,255,255,0)&#8220; closed_toggle_background_color=&#8220;RGBA(255,255,255,0)&#8220; _builder_version=&#8220;4.21.0&#8243; _module_preset=&#8220;default&#8220; closed_toggle_font=&#8220;TheBarnyard Regular||||||||&#8220; locked=&#8220;off&#8220; global_colors_info=&#8220;{}&#8220;][et_pb_accordion_item title=&#8220;Lesen Sie mehr&#8230;&#8220; open=&#8220;on&#8220; open_toggle_background_color=&#8220;RGBA(255,255,255,0)&#8220; icon_color=&#8220;RGBA(255,255,255,0)&#8220; open_icon_color=&#8220;RGBA(255,255,255,0)&#8220; _builder_version=&#8220;4.21.0&#8243; _module_preset=&#8220;default&#8220; custom_padding=&#8220;0px|0px|0px|0px|true|true&#8220; border_color_all=&#8220;RGBA(255,255,255,0)&#8220; global_colors_info=&#8220;{}&#8220; toggle_font=&#8220;TheBarnyard Regular||||||||&#8220; toggle_font_size=&#8220;20px&#8220; toggle_text_color__hover_enabled=&#8220;on|hover&#8220; toggle_text_color__hover=&#8220;#95A737&#8243;]<\/p>\n<ul>\n<li>Parken<\/li>\n<li>Kochnische<\/li>\n<li>Getr\u00e4nke<\/li>\n<li>Rauchfrei<\/li>\n<li>Terrasse<\/li>\n<li>Wi-Fi<\/li>\n<li>Touristische Informationen<\/li>\n<\/ul>\n<p>[\/et_pb_accordion_item][\/et_pb_accordion][et_pb_text _builder_version=&#8220;4.21.0&#8243; _module_preset=&#8220;default&#8220; header_text_align=&#8220;left&#8220; custom_margin=&#8220;||||false|false&#8220; global_colors_info=&#8220;{}&#8220;]<\/p>\n<h1>Beschreibung<\/h1>\n<p>[\/et_pb_text][et_pb_divider color=&#8220;#898989&#8243; _builder_version=&#8220;4.21.0&#8243; _module_preset=&#8220;default&#8220; width=&#8220;9%&#8220; module_alignment=&#8220;left&#8220; custom_margin=&#8220;-20px||5px||false|false&#8220; custom_padding=&#8220;0px||0px||false|false&#8220; locked=&#8220;off&#8220; global_colors_info=&#8220;{}&#8220;][\/et_pb_divider][et_pb_text _builder_version=&#8220;4.22.0&#8243; _module_preset=&#8220;default&#8220; header_text_align=&#8220;left&#8220; custom_margin=&#8220;||||false|false&#8220; global_colors_info=&#8220;{}&#8220;]<\/p>\n<p><span data-contrast=\"auto\" xml:lang=\"NL-NL\" lang=\"NL-NL\" class=\"TextRun SCXW184688137 BCX8\"><span class=\"NormalTextRun SCXW184688137 BCX8\">Das zentral gelegene G\u00e4stezimmer in unserem Bed &amp; Breakfast in Drenthe sorgt daf\u00fcr, dass sich jeder wie zu Hause f\u00fchlt. Mit seinem alten Geb\u00e4lk und der nat\u00fcrlichen Einrichtung strahlt der Raum eine warme und gem\u00fctliche Atmosph\u00e4re aus. Genie\u00dfen Sie die herrliche Aussicht auf den Garten und die sch\u00f6ne Landschaft von Drenthe, einschlie\u00dflich des nahe gelegenen Naturschutzgebietes  <\/span><span class=\"SpellingError SCXW184688137 BCX8\">Mantinger<\/span><span class=\"NormalTextRun SCXW184688137 BCX8\">  Wald und Wiese. Es gibt auch eine Kochnische, in der Sie kleine Gerichte im Ofen oder in der Kombi-Mikrowelle zubereiten k\u00f6nnen. Entspannen Sie sich bei einem k\u00fchlen Getr\u00e4nk, w\u00e4hrend Sie ein Spiel spielen oder eine Zeitschrift lesen. Auf der  <\/span><span class=\"SpellingError SCXW184688137 BCX8\">Beistelltisch<\/span><span class=\"NormalTextRun SCXW184688137 BCX8\">  finden Sie Informationen und Tipps zu unterhaltsamen Aktivit\u00e4ten in der Umgebung. Bei sch\u00f6nem Wetter k\u00f6nnen Sie auf der Sonnenterrasse fr\u00fchst\u00fccken. Viel Spa\u00df!<\/span><\/span><span class=\"EOP SCXW184688137 BCX8\" data-ccp-props=\"{\"201341983\":0,\"335551550\":1,\"335551620\":1,\"335559739\":160,\"335559740\":259}\"> <\/span><\/p>\n<p>[\/et_pb_text][\/et_pb_column][et_pb_column type=&#8220;1_2&#8243; _builder_version=&#8220;4.22.1&#8243; _module_preset=&#8220;default&#8220; custom_padding=&#8220;|20px||20px|true|true&#8220; global_colors_info=&#8220;{}&#8220;][et_pb_gallery gallery_ids=&#8220;12781,12769,12755,12773,12775,12757,12747,12753&#8243; posts_number=&#8220;10&#8243; db_images_per_row=&#8220;2&#8243; db_image_max_width=&#8220;97%&#8220; db_image_row_spacing=&#8220;2%&#8220; db_image_object_fit=&#8220;cover&#8220; dbdb_version=&#8220;4.3.3&#8243; show_title_and_caption=&#8220;off&#8220; show_pagination=&#8220;off&#8220; hover_overlay_color=&#8220;rgba(255,255,255,0.47)&#8220; module_id=&#8220;#fotos&#8220; module_class=&#8220;pa-image-gallery-16-9&#8243; _builder_version=&#8220;4.22.1&#8243; _module_preset=&#8220;default&#8220; custom_margin=&#8220;10px||||false|false&#8220; global_colors_info=&#8220;{}&#8220;][\/et_pb_gallery][\/et_pb_column][\/et_pb_row][\/et_pb_section][et_pb_section fb_built=&#8220;1&#8243; disabled_on=&#8220;off|off|off&#8220; module_id=&#8220;Kontakt&#8220; _builder_version=&#8220;4.22.0&#8243; background_color=&#8220;#FFFFFF&#8220; custom_padding=&#8220;35px|||||&#8220; global_module=&#8220;10596&#8243; saved_tabs=&#8220;all&#8220; global_colors_info=&#8220;{}&#8220;][et_pb_row column_structure=&#8220;1_3,1_3,1_3&#8243; _builder_version=&#8220;4.22.0&#8243; max_width=&#8220;100%&#8220; custom_padding=&#8220;100px||||false|false&#8220; border_color_all=&#8220;#bfbfbf&#8220; border_width_top=&#8220;1px&#8220; global_colors_info=&#8220;{}&#8220; max_width__hover_enabled=&#8220;on|desktop&#8220; max_width__hover=&#8220;100%&#8220;][et_pb_column type=&#8220;1_3&#8243; _builder_version=&#8220;4.16&#8243; background_enable_color=&#8220;off&#8220; global_colors_info=&#8220;{}&#8220;][et_pb_text _builder_version=&#8220;4.21.0&#8243; text_text_color=&#8220;#5E5E5E&#8220; header_3_font=&#8220;|700|||||||&#8220; header_3_text_color=&#8220;#5E5E5E&#8220; header_3_line_height=&#8220;1.4em&#8220; custom_margin=&#8220;||||false|false&#8220; custom_padding=&#8220;||||false|false&#8220; border_color_left=&#8220;#FFFFFF&#8220; global_colors_info=&#8220;{}&#8220;]<\/p>\n<h1 style=\"text-align: left;\">Adresse<\/h1>\n<p style=\"text-align: left;\">Garmingerstukken 2<br \/>9438 TA Garminge<\/p>\n<p>[\/et_pb_text][et_pb_code _builder_version=&#8220;4.21.0&#8243; _module_preset=&#8220;default&#8220; global_colors_info=&#8220;{}&#8220;]<iframe src=\"https:\/\/www.google.com\/maps\/embed?pb=!1m14!1m8!1m3!1d9644.217802726505!2d6.621503!3d52.8213823!3m2!1i1024!2i768!4f13.1!3m3!1m2!1s0x47c81f1f7723d881%3A0xc47442e048425c12!2sThe%20Barnyard%20-%20Bed%20en%20Breakfast%20Drenthe!5e0!3m2!1snl!2snl!4v1685100544341!5m2!1snl!2snl\" width=\"600\" height=\"200\" style=\"border:0;\" allowfullscreen=\"\" loading=\"lazy\" referrerpolicy=\"no-referrer-when-downgrade\"><\/iframe>[\/et_pb_code][\/et_pb_column][et_pb_column type=&#8220;1_3&#8243; _builder_version=&#8220;4.16&#8243; global_colors_info=&#8220;{}&#8220;][et_pb_text _builder_version=&#8220;4.21.0&#8243; text_text_color=&#8220;#5E5E5E&#8220; header_3_font=&#8220;|700|||||||&#8220; header_3_text_color=&#8220;#5E5E5E&#8220; header_3_line_height=&#8220;1.4em&#8220; custom_margin=&#8220;||||false|false&#8220; custom_padding=&#8220;||||false|false&#8220; border_color_left=&#8220;#FFFFFF&#8220; global_colors_info=&#8220;{}&#8220;]<\/p>\n<h1>Informationen<\/h1>\n<p>Luxuri\u00f6ses Bed &amp; Breakfast in Drenthe.<br \/>F\u00fcr eine besondere \u00dcbernachtung oder einen Wochenendausflug in Drenthe.<\/p>\n<p>[\/et_pb_text][et_pb_text _builder_version=&#8220;4.22.0&#8243; text_text_color=&#8220;#5E5E5E&#8220; header_3_font=&#8220;|700|||||||&#8220; header_3_text_color=&#8220;#5E5E5E&#8220; header_3_line_height=&#8220;1.4em&#8220; custom_margin=&#8220;||||false|false&#8220; custom_padding=&#8220;||||false|false&#8220; border_color_left=&#8220;#FFFFFF&#8220; global_colors_info=&#8220;{}&#8220; link_text_color__hover_enabled=&#8220;on|hover&#8220; link_text_color__hover=&#8220;#95A737&#8243;]<\/p>\n<h1>E-Mail<\/h1>\n<p><span style=\"color: #808080;\"><a href=\"mailto:info@thebarnyard.nl\" style=\"color: #808080;\">info@thebarnyard.nl<\/a><\/span><\/p>\n<p>[\/et_pb_text][et_pb_text _builder_version=&#8220;4.22.0&#8243; text_text_color=&#8220;#5E5E5E&#8220; header_3_font=&#8220;|700|||||||&#8220; header_3_text_color=&#8220;#5E5E5E&#8220; header_3_line_height=&#8220;1.4em&#8220; custom_margin=&#8220;||||false|false&#8220; custom_padding=&#8220;||||false|false&#8220; border_color_left=&#8220;#FFFFFF&#8220; global_colors_info=&#8220;{}&#8220; link_text_color__hover_enabled=&#8220;on|hover&#8220; link_text_color__hover=&#8220;#95A737&#8243;]<\/p>\n<h1>Telefon<\/h1>\n<p><span style=\"color: #808080;\"><a href=\"tel:0657731889\" style=\"color: #808080;\">06-57731889<\/a><\/span><\/p>\n<p>[\/et_pb_text][\/et_pb_column][et_pb_column type=&#8220;1_3&#8243; _builder_version=&#8220;4.16&#8243; global_colors_info=&#8220;{}&#8220;][et_pb_text _builder_version=&#8220;4.22.0&#8243; text_text_color=&#8220;#5E5E5E&#8220; text_line_height=&#8220;1em&#8220; header_3_font=&#8220;|700|||||||&#8220; header_3_text_color=&#8220;#5E5E5E&#8220; header_3_line_height=&#8220;1.4em&#8220; custom_margin=&#8220;||10px||false|false&#8220; custom_padding=&#8220;||||false|false&#8220; border_color_left=&#8220;#FFFFFF&#8220; global_colors_info=&#8220;{}&#8220;]<\/p>\n<h1>Navigation<\/h1>\n<p>[\/et_pb_text][et_pb_text _builder_version=&#8220;4.22.1&#8243; text_text_color=&#8220;#5E5E5E&#8220; text_line_height=&#8220;0.5em&#8220; header_3_font=&#8220;|700|||||||&#8220; header_3_text_color=&#8220;#5E5E5E&#8220; header_3_line_height=&#8220;1.4em&#8220; custom_margin=&#8220;||||false|false&#8220; custom_padding=&#8220;||||false|false&#8220; border_color_left=&#8220;#FFFFFF&#8220; global_colors_info=&#8220;{}&#8220; link_text_color__hover_enabled=&#8220;on|desktop&#8220; link_text_color__hover=&#8220;#95A737&#8243;]<\/p>\n<p><span style=\"color: #808080;\"><a href=\"\/\" style=\"color: #808080;\">Zimmer<\/a><\/span><\/p>\n<p><span style=\"color: #808080;\"><a href=\"https:\/\/thebarnyard.nl\/de\/uebernachtung-und-fruehstueck\/\" style=\"color: #808080;\">Bed &#038; Breakfast<\/a><\/span><\/p>\n<p><span style=\"color: #808080;\"><a href=\"https:\/\/thebarnyard.nl\/de\/bewertungen\/\" style=\"color: #808080;\">Bewertungen<\/a><\/span><\/p>\n<p><span style=\"color: #808080;\"><a href=\"https:\/\/thebarnyard.nl\/de\/reservierung\/\" style=\"color: #808080;\">Reservierung<\/a><\/span><\/p>\n<p><span style=\"color: #808080;\"><a href=\"https:\/\/thebarnyard.nl\/de\/umgebung\/\" style=\"color: #808080;\">Umgebung<\/a><\/span><\/p>\n<p>[\/et_pb_text][\/et_pb_column][\/et_pb_row][\/et_pb_section]<\/p>\n","protected":false},"excerpt":{"rendered":"<p>ReservierungEinrichtungen Parken Kochnische Getr\u00e4nke Rauchfrei Terrasse Wi-Fi Touristische Informationen BeschreibungDas zentral gelegene G\u00e4stezimmer in unserem Bed &amp; Breakfast in Drenthe sorgt daf\u00fcr, dass sich jeder wie zu Hause f\u00fchlt. Mit seinem alten Geb\u00e4lk und der nat\u00fcrlichen Einrichtung strahlt der Raum eine warme und gem\u00fctliche Atmosph\u00e4re aus. Genie\u00dfen Sie die herrliche Aussicht auf den Garten und [&hellip;]<\/p>\n","protected":false},"author":1,"featured_media":0,"parent":0,"menu_order":0,"comment_status":"closed","ping_status":"closed","template":"","meta":{"_et_pb_use_builder":"on","_et_pb_old_content":"","_et_gb_content_width":"","footnotes":""},"class_list":["post-12832","page","type-page","status-publish","hentry"],"acf":[],"yoast_head":"<!-- This site is optimized with the Yoast SEO plugin v27.0 - https:\/\/yoast.com\/product\/yoast-seo-wordpress\/ -->\n<title>Bed &amp; Breakfast in Drenthe I The Barnyard - Garminge<\/title>\n<meta name=\"description\" content=\"Bed &amp; Breakfast in Drenthe I The Barnyard - Garminge. F\u00fcr eine besondere \u00dcbernachtung oder einen Wochenendausflug in Drenthe.\" \/>\n<meta name=\"robots\" content=\"index, follow, max-snippet:-1, max-image-preview:large, max-video-preview:-1\" \/>\n<link rel=\"canonical\" href=\"https:\/\/thebarnyard.nl\/de\/uebernachtung-und-fruehstueck\/\" \/>\n<meta property=\"og:locale\" content=\"de_DE\" \/>\n<meta property=\"og:type\" content=\"article\" \/>\n<meta property=\"og:title\" content=\"Bed &amp; Breakfast in Drenthe I The Barnyard - Garminge\" \/>\n<meta property=\"og:description\" content=\"Bed &amp; Breakfast in Drenthe I The Barnyard - Garminge. F\u00fcr eine besondere \u00dcbernachtung oder einen Wochenendausflug in Drenthe.\" \/>\n<meta property=\"og:site_name\" content=\"The Barnyard\" \/>\n<meta property=\"article:publisher\" content=\"https:\/\/www.facebook.com\/profile.php?id=100063474733375\" \/>\n<meta property=\"article:modified_time\" content=\"2023-10-22T15:34:11+00:00\" \/>\n<meta property=\"og:image\" content=\"https:\/\/thebarnyard.nl\/wp-content\/uploads\/2023\/08\/The-Barnyard-Social-Share-image.jpg\" \/>\n\t<meta property=\"og:image:width\" content=\"1200\" \/>\n\t<meta property=\"og:image:height\" content=\"628\" \/>\n\t<meta property=\"og:image:type\" content=\"image\/jpeg\" \/>\n<meta name=\"twitter:card\" content=\"summary_large_image\" \/>\n<meta name=\"twitter:label1\" content=\"Gesch\u00e4tzte Lesezeit\" \/>\n\t<meta name=\"twitter:data1\" content=\"7\u00a0Minuten\" \/>\n<script type=\"application\/ld+json\" class=\"yoast-schema-graph\">{\"@context\":\"https:\/\/schema.org\",\"@graph\":[{\"@type\":\"WebPage\",\"@id\":\"https:\/\/thebarnyard.nl\/de\/uebernachtung-und-fruehstueck\/\",\"url\":\"https:\/\/thebarnyard.nl\/de\/uebernachtung-und-fruehstueck\/\",\"name\":\"Bed & Breakfast in Drenthe I The Barnyard - Garminge\",\"isPartOf\":{\"@id\":\"https:\/\/thebarnyard.nl\/de\/#website\"},\"datePublished\":\"2023-06-28T15:25:34+00:00\",\"dateModified\":\"2023-10-22T15:34:11+00:00\",\"description\":\"Bed & Breakfast in Drenthe I The Barnyard - Garminge. F\u00fcr eine besondere \u00dcbernachtung oder einen Wochenendausflug in Drenthe.\",\"breadcrumb\":{\"@id\":\"https:\/\/thebarnyard.nl\/de\/uebernachtung-und-fruehstueck\/#breadcrumb\"},\"inLanguage\":\"de\",\"potentialAction\":[{\"@type\":\"ReadAction\",\"target\":[\"https:\/\/thebarnyard.nl\/de\/uebernachtung-und-fruehstueck\/\"]}]},{\"@type\":\"BreadcrumbList\",\"@id\":\"https:\/\/thebarnyard.nl\/de\/uebernachtung-und-fruehstueck\/#breadcrumb\",\"itemListElement\":[{\"@type\":\"ListItem\",\"position\":1,\"name\":\"Home\",\"item\":\"https:\/\/thebarnyard.nl\/de\/\"},{\"@type\":\"ListItem\",\"position\":2,\"name\":\"Bed &amp; Breakfast\"}]},{\"@type\":\"WebSite\",\"@id\":\"https:\/\/thebarnyard.nl\/de\/#website\",\"url\":\"https:\/\/thebarnyard.nl\/de\/\",\"name\":\"The Barnyard\",\"description\":\"Bed &amp; Breakfast Drenthe\",\"publisher\":{\"@id\":\"https:\/\/thebarnyard.nl\/de\/#organization\"},\"potentialAction\":[{\"@type\":\"SearchAction\",\"target\":{\"@type\":\"EntryPoint\",\"urlTemplate\":\"https:\/\/thebarnyard.nl\/de\/?s={search_term_string}\"},\"query-input\":{\"@type\":\"PropertyValueSpecification\",\"valueRequired\":true,\"valueName\":\"search_term_string\"}}],\"inLanguage\":\"de\"},{\"@type\":\"Organization\",\"@id\":\"https:\/\/thebarnyard.nl\/de\/#organization\",\"name\":\"The Barnyard\",\"url\":\"https:\/\/thebarnyard.nl\/de\/\",\"logo\":{\"@type\":\"ImageObject\",\"inLanguage\":\"de\",\"@id\":\"https:\/\/thebarnyard.nl\/de\/#\/schema\/logo\/image\/\",\"url\":\"https:\/\/thebarnyard.nl\/wp-content\/uploads\/2023\/05\/Logo-The-Barnyard.jpg\",\"contentUrl\":\"https:\/\/thebarnyard.nl\/wp-content\/uploads\/2023\/05\/Logo-The-Barnyard.jpg\",\"width\":226,\"height\":135,\"caption\":\"The Barnyard\"},\"image\":{\"@id\":\"https:\/\/thebarnyard.nl\/de\/#\/schema\/logo\/image\/\"},\"sameAs\":[\"https:\/\/www.facebook.com\/profile.php?id=100063474733375\",\"https:\/\/www.instagram.com\/farmlodges_the_barnyard\/\"]}]}<\/script>\n<!-- \/ Yoast SEO plugin. -->","yoast_head_json":{"title":"Bed & Breakfast in Drenthe I The Barnyard - Garminge","description":"Bed & Breakfast in Drenthe I The Barnyard - Garminge. F\u00fcr eine besondere \u00dcbernachtung oder einen Wochenendausflug in Drenthe.","robots":{"index":"index","follow":"follow","max-snippet":"max-snippet:-1","max-image-preview":"max-image-preview:large","max-video-preview":"max-video-preview:-1"},"canonical":"https:\/\/thebarnyard.nl\/de\/uebernachtung-und-fruehstueck\/","og_locale":"de_DE","og_type":"article","og_title":"Bed & Breakfast in Drenthe I The Barnyard - Garminge","og_description":"Bed & Breakfast in Drenthe I The Barnyard - Garminge. F\u00fcr eine besondere \u00dcbernachtung oder einen Wochenendausflug in Drenthe.","og_site_name":"The Barnyard","article_publisher":"https:\/\/www.facebook.com\/profile.php?id=100063474733375","article_modified_time":"2023-10-22T15:34:11+00:00","og_image":[{"width":1200,"height":628,"url":"https:\/\/thebarnyard.nl\/wp-content\/uploads\/2023\/08\/The-Barnyard-Social-Share-image.jpg","type":"image\/jpeg"}],"twitter_card":"summary_large_image","twitter_misc":{"Gesch\u00e4tzte Lesezeit":"7\u00a0Minuten"},"schema":{"@context":"https:\/\/schema.org","@graph":[{"@type":"WebPage","@id":"https:\/\/thebarnyard.nl\/de\/uebernachtung-und-fruehstueck\/","url":"https:\/\/thebarnyard.nl\/de\/uebernachtung-und-fruehstueck\/","name":"Bed & Breakfast in Drenthe I The Barnyard - Garminge","isPartOf":{"@id":"https:\/\/thebarnyard.nl\/de\/#website"},"datePublished":"2023-06-28T15:25:34+00:00","dateModified":"2023-10-22T15:34:11+00:00","description":"Bed & Breakfast in Drenthe I The Barnyard - Garminge. F\u00fcr eine besondere \u00dcbernachtung oder einen Wochenendausflug in Drenthe.","breadcrumb":{"@id":"https:\/\/thebarnyard.nl\/de\/uebernachtung-und-fruehstueck\/#breadcrumb"},"inLanguage":"de","potentialAction":[{"@type":"ReadAction","target":["https:\/\/thebarnyard.nl\/de\/uebernachtung-und-fruehstueck\/"]}]},{"@type":"BreadcrumbList","@id":"https:\/\/thebarnyard.nl\/de\/uebernachtung-und-fruehstueck\/#breadcrumb","itemListElement":[{"@type":"ListItem","position":1,"name":"Home","item":"https:\/\/thebarnyard.nl\/de\/"},{"@type":"ListItem","position":2,"name":"Bed &amp; Breakfast"}]},{"@type":"WebSite","@id":"https:\/\/thebarnyard.nl\/de\/#website","url":"https:\/\/thebarnyard.nl\/de\/","name":"The Barnyard","description":"Bed &amp; Breakfast Drenthe","publisher":{"@id":"https:\/\/thebarnyard.nl\/de\/#organization"},"potentialAction":[{"@type":"SearchAction","target":{"@type":"EntryPoint","urlTemplate":"https:\/\/thebarnyard.nl\/de\/?s={search_term_string}"},"query-input":{"@type":"PropertyValueSpecification","valueRequired":true,"valueName":"search_term_string"}}],"inLanguage":"de"},{"@type":"Organization","@id":"https:\/\/thebarnyard.nl\/de\/#organization","name":"The Barnyard","url":"https:\/\/thebarnyard.nl\/de\/","logo":{"@type":"ImageObject","inLanguage":"de","@id":"https:\/\/thebarnyard.nl\/de\/#\/schema\/logo\/image\/","url":"https:\/\/thebarnyard.nl\/wp-content\/uploads\/2023\/05\/Logo-The-Barnyard.jpg","contentUrl":"https:\/\/thebarnyard.nl\/wp-content\/uploads\/2023\/05\/Logo-The-Barnyard.jpg","width":226,"height":135,"caption":"The Barnyard"},"image":{"@id":"https:\/\/thebarnyard.nl\/de\/#\/schema\/logo\/image\/"},"sameAs":["https:\/\/www.facebook.com\/profile.php?id=100063474733375","https:\/\/www.instagram.com\/farmlodges_the_barnyard\/"]}]}},"_links":{"self":[{"href":"https:\/\/thebarnyard.nl\/de\/wp-json\/wp\/v2\/pages\/12832","targetHints":{"allow":["GET"]}}],"collection":[{"href":"https:\/\/thebarnyard.nl\/de\/wp-json\/wp\/v2\/pages"}],"about":[{"href":"https:\/\/thebarnyard.nl\/de\/wp-json\/wp\/v2\/types\/page"}],"author":[{"embeddable":true,"href":"https:\/\/thebarnyard.nl\/de\/wp-json\/wp\/v2\/users\/1"}],"replies":[{"embeddable":true,"href":"https:\/\/thebarnyard.nl\/de\/wp-json\/wp\/v2\/comments?post=12832"}],"version-history":[{"count":25,"href":"https:\/\/thebarnyard.nl\/de\/wp-json\/wp\/v2\/pages\/12832\/revisions"}],"predecessor-version":[{"id":13605,"href":"https:\/\/thebarnyard.nl\/de\/wp-json\/wp\/v2\/pages\/12832\/revisions\/13605"}],"wp:attachment":[{"href":"https:\/\/thebarnyard.nl\/de\/wp-json\/wp\/v2\/media?parent=12832"}],"curies":[{"name":"wp","href":"https:\/\/api.w.org\/{rel}","templated":true}]}}