{"id":12845,"date":"2023-06-28T17:29:23","date_gmt":"2023-06-28T15:29:23","guid":{"rendered":"https:\/\/thebarnyard.nl\/bewertungen\/"},"modified":"2025-11-26T09:31:24","modified_gmt":"2025-11-26T08:31:24","slug":"bewertungen","status":"publish","type":"page","link":"https:\/\/thebarnyard.nl\/de\/bewertungen\/","title":{"rendered":"Bewertungen"},"content":{"rendered":"<p>[et_pb_section fb_built=&#8220;1&#8243; _builder_version=&#8220;4.21.0&#8243; _module_preset=&#8220;default&#8220; background_enable_image=&#8220;off&#8220; width=&#8220;80vw&#8220; width_tablet=&#8220;90vw&#8220; width_phone=&#8220;100vw&#8220; width_last_edited=&#8220;on|phone&#8220; module_alignment=&#8220;center&#8220; custom_padding=&#8220;0px|0px|0px|0px|false|false&#8220; bottom_divider_height=&#8220;43px&#8220; bottom_divider_flip=&#8220;horizontal|vertical&#8220; locked=&#8220;off&#8220; global_colors_info=&#8220;{}&#8220;][et_pb_row _builder_version=&#8220;4.21.0&#8243; _module_preset=&#8220;default&#8220; width=&#8220;100%&#8220; max_width=&#8220;2200px&#8220; custom_margin=&#8220;0px||0px|0px|false|false&#8220; custom_padding=&#8220;0px|0px|0px|0px|false|false&#8220; global_colors_info=&#8220;{}&#8220;][et_pb_column type=&#8220;4_4&#8243; _builder_version=&#8220;4.19.0&#8243; _module_preset=&#8220;default&#8220; global_colors_info=&#8220;{}&#8220;][et_pb_slider _builder_version=&#8220;4.22.0&#8243; _module_preset=&#8220;default&#8220; max_height_tablet=&#8220;&#8220; max_height_phone=&#8220;300px&#8220; max_height_last_edited=&#8220;on|phone&#8220; custom_padding=&#8220;379px|||||&#8220; global_colors_info=&#8220;{}&#8220;][et_pb_slide button_link=&#8220;#reserveren&#8220; _builder_version=&#8220;4.22.0&#8243; _module_preset=&#8220;default&#8220; header_level=&#8220;h2&#8243; header_font=&#8220;||||||||&#8220; header_font_size=&#8220;99px&#8220; body_font_size=&#8220;55px&#8220; background_enable_color=&#8220;off&#8220; background_image=&#8220;https:\/\/thebarnyard.nl\/wp-content\/uploads\/2023\/07\/The-Barnyard-Bed-en-Breakfast-Midden-Drenthe-Omgeving-20.jpg&#8220; background_enable_image=&#8220;on&#8220; global_colors_info=&#8220;{}&#8220; sticky_transition=&#8220;on&#8220;][\/et_pb_slide][\/et_pb_slider][\/et_pb_column][\/et_pb_row][et_pb_row _builder_version=&#8220;4.21.0&#8243; _module_preset=&#8220;default&#8220; width=&#8220;100%&#8220; max_width=&#8220;2200px&#8220; custom_padding=&#8220;||6px||false|false&#8220; global_module=&#8220;13467&#8243; saved_tabs=&#8220;all&#8220; global_colors_info=&#8220;{}&#8220;][et_pb_column type=&#8220;4_4&#8243; _builder_version=&#8220;4.21.0&#8243; _module_preset=&#8220;default&#8220; global_colors_info=&#8220;{}&#8220;][et_pb_text _builder_version=&#8220;4.23&#8243; _module_preset=&#8220;default&#8220; text_font=&#8220;Cormorant|700|||||||&#8220; text_text_color=&#8220;#223903&#8243; background_color=&#8220;#FFFFFF&#8220; width=&#8220;140px&#8220; width_tablet=&#8220;140px&#8220; width_phone=&#8220;145px&#8220; width_last_edited=&#8220;on|phone&#8220; custom_margin=&#8220;-100px|||0px|false|false&#8220; custom_padding=&#8220;5px|5px|5px|15px|true|false&#8220; link_option_url=&#8220;https:\/\/thebarnyard.nl\/de\/reservierung\/&#8220; global_colors_info=&#8220;{}&#8220; text_text_color__hover_enabled=&#8220;on|desktop&#8220; text_text_color__hover=&#8220;#95A737&#8243;]<\/p>\n<p>Reservierung<\/p>\n<p>[\/et_pb_text][\/et_pb_column][\/et_pb_row][\/et_pb_section][et_pb_section fb_built=&#8220;1&#8243; module_id=&#8220;Lodges&#8220; _builder_version=&#8220;4.22.0&#8243; _module_preset=&#8220;default&#8220; width=&#8220;80vw&#8220; width_tablet=&#8220;90vw&#8220; width_phone=&#8220;100vw&#8220; width_last_edited=&#8220;on|phone&#8220; module_alignment=&#8220;center&#8220; custom_padding=&#8220;30px|||||&#8220; border_color_top=&#8220;#A4ABBD&#8220; border_color_bottom=&#8220;#A4ABBD&#8220; global_colors_info=&#8220;{}&#8220;][et_pb_row _builder_version=&#8220;4.21.0&#8243; _module_preset=&#8220;default&#8220; custom_padding=&#8220;7px|||||&#8220; global_colors_info=&#8220;{}&#8220;][et_pb_column type=&#8220;4_4&#8243; _builder_version=&#8220;4.21.0&#8243; _module_preset=&#8220;default&#8220; global_colors_info=&#8220;{}&#8220;][et_pb_text _builder_version=&#8220;4.21.0&#8243; _module_preset=&#8220;default&#8220; header_text_align=&#8220;center&#8220; global_colors_info=&#8220;{}&#8220;]<\/p>\n<h1>Bewertungen<\/h1>\n<p>[\/et_pb_text][et_pb_divider color=&#8220;#898989&#8243; _builder_version=&#8220;4.21.0&#8243; _module_preset=&#8220;default&#8220; width=&#8220;9%&#8220; module_alignment=&#8220;center&#8220; custom_margin=&#8220;-20px||||false|false&#8220; custom_padding=&#8220;0px||||false|false&#8220; locked=&#8220;off&#8220; global_colors_info=&#8220;{}&#8220;][\/et_pb_divider][\/et_pb_column][\/et_pb_row][et_pb_row column_structure=&#8220;1_3,1_3,1_3&#8243; _builder_version=&#8220;4.21.0&#8243; _module_preset=&#8220;default&#8220; custom_margin=&#8220;||||false|true&#8220; global_colors_info=&#8220;{}&#8220;][et_pb_column type=&#8220;1_3&#8243; _builder_version=&#8220;4.21.0&#8243; _module_preset=&#8220;default&#8220; global_colors_info=&#8220;{}&#8220;][et_pb_text _builder_version=&#8220;4.21.0&#8243; _module_preset=&#8220;default&#8220; global_colors_info=&#8220;{}&#8220;]<\/p>\n<p><em><span>In diesem B&amp;B findest du alles: \u00c4sthetik, Atmosph\u00e4re, Komfort, W\u00e4rme und ein gutes Fr\u00fchst\u00fcck. Der Gemeinschaftsraum ist sch\u00f6n und ger\u00e4umig. Ich habe im Mezzaninzimmer \u00fcbernachtet, und es ist wundersch\u00f6n. Alles ist vorhanden und es wurde offensichtlich von jemandem sorgf\u00e4ltig durchdacht, der es wichtig findet, dass man einen angenehmen Aufenthalt hat. Details wie ein paar Trauben auf dem Tisch, Shampoo und Duschgel im, sehr sch\u00f6nen,\u00a0 Badezimmer runden das Ganze ab. Corn\u00e9 ist ein sehr freundlicher, angenehmer Gastgeber.&#8220;<\/span><\/em><\/p>\n<p>[\/et_pb_text][\/et_pb_column][et_pb_column type=&#8220;1_3&#8243; _builder_version=&#8220;4.21.0&#8243; _module_preset=&#8220;default&#8220; global_colors_info=&#8220;{}&#8220;][et_pb_text _builder_version=&#8220;4.27.0&#8243; _module_preset=&#8220;default&#8220; global_colors_info=&#8220;{}&#8220;]<\/p>\n<p><em><span>&#8222;Wir haben einen sehr angenehmen Aufenthalt bei The Barnyard gehabt. Die Zimmer sind sauber und mit allem ausgestattet, was man braucht. Die Lage ist herrlich ruhig zwischen Bauernh\u00f6fen und Natur. Der Gastgeber sorgt daf\u00fcr, dass man herzlich empfangen wird und es an nichts fehlt. Am Morgen verw\u00f6hnt er einen mit einem k\u00f6stlichen, vollst\u00e4ndigen und abwechslungsreichen Fr\u00fchst\u00fcck. Es ist bereits das zweite Mal, dass wir hier \u00fcbernachtet haben, und wir werden auf jeden Fall noch einmal zur\u00fcckkommen. Sehr zu empfehlen!\u201c<\/span><\/em><\/p>\n<p>[\/et_pb_text][\/et_pb_column][et_pb_column type=&#8220;1_3&#8243; _builder_version=&#8220;4.21.0&#8243; _module_preset=&#8220;default&#8220; global_colors_info=&#8220;{}&#8220;][et_pb_text _builder_version=&#8220;4.25.0&#8243; _module_preset=&#8220;default&#8220; global_colors_info=&#8220;{}&#8220;]<\/p>\n<p><em><span>&#8222;The Barnyard ist ein wundersch\u00f6nes B&amp;B in Drenthe!! Eine l\u00e4ndliche Atmosph\u00e4re und perfekt eingerichtet. Alles ist ordentlich und sauber. Corn\u00e9 ist ein herzlicher Gastgeber, freundlich und fr\u00f6hlich. Am Morgen steht ein k\u00f6stliches Fr\u00fchst\u00fcck bereit. Wir haben hier zum zweiten Mal genossen! Die Lage ist wirklich l\u00e4ndlich.&#8220;<\/span><\/em><\/p>\n<p>[\/et_pb_text][et_pb_text _builder_version=&#8220;4.21.0&#8243; _module_preset=&#8220;default&#8220; locked=&#8220;off&#8220; global_colors_info=&#8220;{}&#8220;][\/et_pb_text][\/et_pb_column][\/et_pb_row][\/et_pb_section][et_pb_section fb_built=&#8220;1&#8243; disabled_on=&#8220;off|off|off&#8220; module_id=&#8220;contact&#8220; _builder_version=&#8220;4.23&#8243; background_color=&#8220;#FFFFFF&#8220; custom_padding=&#8220;35px|||||&#8220; global_module=&#8220;10596&#8243; saved_tabs=&#8220;all&#8220; global_colors_info=&#8220;{}&#8220;][et_pb_row column_structure=&#8220;1_3,1_3,1_3&#8243; _builder_version=&#8220;4.22.0&#8243; max_width=&#8220;100%&#8220; custom_padding=&#8220;100px||||false|false&#8220; border_color_all=&#8220;#bfbfbf&#8220; border_width_top=&#8220;1px&#8220; global_colors_info=&#8220;{}&#8220; max_width__hover_enabled=&#8220;on|desktop&#8220; max_width__hover=&#8220;100%&#8220;][et_pb_column type=&#8220;1_3&#8243; _builder_version=&#8220;4.16&#8243; background_enable_color=&#8220;off&#8220; global_colors_info=&#8220;{}&#8220;][et_pb_text _builder_version=&#8220;4.23&#8243; text_text_color=&#8220;#5E5E5E&#8220; header_3_font=&#8220;|700|||||||&#8220; header_3_text_color=&#8220;#5E5E5E&#8220; header_3_line_height=&#8220;1.4em&#8220; custom_margin=&#8220;||||false|false&#8220; custom_padding=&#8220;||||false|false&#8220; border_color_left=&#8220;#FFFFFF&#8220; global_colors_info=&#8220;{}&#8220;]<\/p>\n<h1 style=\"text-align: left;\">Adresse<\/h1>\n<p style=\"text-align: left;\">Garmingerstukken 2<br \/>9438 TA Garminge<\/p>\n<p>[\/et_pb_text][et_pb_code _builder_version=&#8220;4.23&#8243; _module_preset=&#8220;default&#8220; global_colors_info=&#8220;{}&#8220;]<iframe src=\"https:\/\/www.google.com\/maps\/embed?pb=!1m14!1m8!1m3!1d9644.217802726505!2d6.621503!3d52.8213823!3m2!1i1024!2i768!4f13.1!3m3!1m2!1s0x47c81f1f7723d881%3A0xc47442e048425c12!2sThe%20Barnyard%20-%20Bed%20en%20Breakfast%20Drenthe!5e0!3m2!1snl!2snl!4v1685100544341!5m2!1snl!2snl\" width=\"600\" height=\"200\" style=\"border:0;\" allowfullscreen=\"\" loading=\"lazy\" referrerpolicy=\"no-referrer-when-downgrade\"><\/iframe>[\/et_pb_code][\/et_pb_column][et_pb_column type=&#8220;1_3&#8243; _builder_version=&#8220;4.16&#8243; global_colors_info=&#8220;{}&#8220;][et_pb_text _builder_version=&#8220;4.23&#8243; text_text_color=&#8220;#5E5E5E&#8220; header_3_font=&#8220;|700|||||||&#8220; header_3_text_color=&#8220;#5E5E5E&#8220; header_3_line_height=&#8220;1.4em&#8220; custom_margin=&#8220;||||false|false&#8220; custom_padding=&#8220;||||false|false&#8220; border_color_left=&#8220;#FFFFFF&#8220; global_colors_info=&#8220;{}&#8220;]<\/p>\n<h1>Informationen<\/h1>\n<p>Luxuri\u00f6ses Bed &amp; Breakfast in Drenthe.<br \/>F\u00fcr eine besondere \u00dcbernachtung oder einen Wochenendausflug in Drenthe.<\/p>\n<p>[\/et_pb_text][et_pb_text _builder_version=&#8220;4.23&#8243; text_text_color=&#8220;#5E5E5E&#8220; header_3_font=&#8220;|700|||||||&#8220; header_3_text_color=&#8220;#5E5E5E&#8220; header_3_line_height=&#8220;1.4em&#8220; custom_margin=&#8220;||||false|false&#8220; custom_padding=&#8220;||||false|false&#8220; border_color_left=&#8220;#FFFFFF&#8220; global_colors_info=&#8220;{}&#8220; link_text_color__hover_enabled=&#8220;on|hover&#8220; link_text_color__hover=&#8220;#95A737&#8243;]<\/p>\n<h1>E-Mail<\/h1>\n<p><span style=\"color: #808080;\"> <a style=\"color: #808080;\" href=\"mailto:info@thebarnyard.nl\">info@thebarnyard.nl<\/a><br \/><\/span><\/p>\n<p>[\/et_pb_text][et_pb_text _builder_version=&#8220;4.23&#8243; text_text_color=&#8220;#5E5E5E&#8220; header_3_font=&#8220;|700|||||||&#8220; header_3_text_color=&#8220;#5E5E5E&#8220; header_3_line_height=&#8220;1.4em&#8220; custom_margin=&#8220;||||false|false&#8220; custom_padding=&#8220;||||false|false&#8220; border_color_left=&#8220;#FFFFFF&#8220; global_colors_info=&#8220;{}&#8220; link_text_color__hover_enabled=&#8220;on|hover&#8220; link_text_color__hover=&#8220;#95A737&#8243;]<\/p>\n<h1>Telefon<\/h1>\n<p><span style=\"color: #808080;\"> <a style=\"color: #808080;\" href=\"tel:+31657731889\">+31 6-57731889<\/a><br \/><\/span><\/p>\n<p>[\/et_pb_text][\/et_pb_column][et_pb_column type=&#8220;1_3&#8243; _builder_version=&#8220;4.16&#8243; global_colors_info=&#8220;{}&#8220;][et_pb_text _builder_version=&#8220;4.23&#8243; text_text_color=&#8220;#5E5E5E&#8220; text_line_height=&#8220;1em&#8220; header_3_font=&#8220;|700|||||||&#8220; header_3_text_color=&#8220;#5E5E5E&#8220; header_3_line_height=&#8220;1.4em&#8220; custom_margin=&#8220;||10px||false|false&#8220; custom_padding=&#8220;||||false|false&#8220; border_color_left=&#8220;#FFFFFF&#8220; global_colors_info=&#8220;{}&#8220;]<\/p>\n<h1>Navigation<\/h1>\n<p>[\/et_pb_text][et_pb_text _builder_version=&#8220;4.23&#8243; text_text_color=&#8220;#5E5E5E&#8220; link_text_color=&#8220;#5E5E5E&#8220; header_3_font=&#8220;|700|||||||&#8220; header_3_text_color=&#8220;#5E5E5E&#8220; header_3_line_height=&#8220;1.4em&#8220; custom_margin=&#8220;||||false|false&#8220; custom_padding=&#8220;||||false|false&#8220; border_color_left=&#8220;#FFFFFF&#8220; global_colors_info=&#8220;{}&#8220; link_text_color__hover=&#8220;#95A737&#8243; link_text_color__hover_enabled=&#8220;on|hover&#8220;]<\/p>\n<p><a href=\"https:\/\/thebarnyard.nl\/de\/\">Zimmer<\/a><br \/><a href=\"https:\/\/thebarnyard.nl\/de\/uebernachtung-und-fruehstueck\/\">Bed &amp; Breakfast<\/a><br \/><a href=\"https:\/\/thebarnyard.nl\/de\/bewertungen\/\">Bewertungen<\/a><br \/><a href=\"https:\/\/thebarnyard.nl\/de\/reservierung\/\">Reservierung<\/a><br \/><a href=\"https:\/\/thebarnyard.nl\/de\/umgebung\/\">Umgebung<\/a><\/p>\n<p>[\/et_pb_text][\/et_pb_column][\/et_pb_row][\/et_pb_section]<\/p>\n","protected":false},"excerpt":{"rendered":"<p>ReservierungBewertungenIn diesem B&amp;B findest du alles: \u00c4sthetik, Atmosph\u00e4re, Komfort, W\u00e4rme und ein gutes Fr\u00fchst\u00fcck. Der Gemeinschaftsraum ist sch\u00f6n und ger\u00e4umig. Ich habe im Mezzaninzimmer \u00fcbernachtet, und es ist wundersch\u00f6n. Alles ist vorhanden und es wurde offensichtlich von jemandem sorgf\u00e4ltig durchdacht, der es wichtig findet, dass man einen angenehmen Aufenthalt hat. Details wie ein paar Trauben [&hellip;]<\/p>\n","protected":false},"author":1,"featured_media":0,"parent":0,"menu_order":0,"comment_status":"closed","ping_status":"closed","template":"","meta":{"_et_pb_use_builder":"on","_et_pb_old_content":"","_et_gb_content_width":"","footnotes":""},"class_list":["post-12845","page","type-page","status-publish","hentry"],"acf":[],"yoast_head":"<!-- This site is optimized with the Yoast SEO plugin v27.0 - https:\/\/yoast.com\/product\/yoast-seo-wordpress\/ -->\n<title>Bewertungen | The Barnyard<\/title>\n<meta name=\"description\" content=\"Bewertungen. Das sagen unsere G\u00e4ste \u00fcber uns.\" \/>\n<meta name=\"robots\" content=\"index, follow, max-snippet:-1, max-image-preview:large, max-video-preview:-1\" \/>\n<link rel=\"canonical\" href=\"https:\/\/thebarnyard.nl\/de\/bewertungen\/\" \/>\n<meta property=\"og:locale\" content=\"de_DE\" \/>\n<meta property=\"og:type\" content=\"article\" \/>\n<meta property=\"og:title\" content=\"Bewertungen | The Barnyard\" \/>\n<meta property=\"og:description\" content=\"Bewertungen. Das sagen unsere G\u00e4ste \u00fcber uns.\" \/>\n<meta property=\"og:site_name\" content=\"The Barnyard\" \/>\n<meta property=\"article:publisher\" content=\"https:\/\/www.facebook.com\/profile.php?id=100063474733375\" \/>\n<meta property=\"article:modified_time\" content=\"2025-11-26T08:31:24+00:00\" \/>\n<meta property=\"og:image\" content=\"https:\/\/thebarnyard.nl\/wp-content\/uploads\/2023\/08\/The-Barnyard-Social-Share-image.jpg\" \/>\n\t<meta property=\"og:image:width\" content=\"1200\" \/>\n\t<meta property=\"og:image:height\" content=\"628\" \/>\n\t<meta property=\"og:image:type\" content=\"image\/jpeg\" \/>\n<meta name=\"twitter:card\" content=\"summary_large_image\" \/>\n<meta name=\"twitter:label1\" content=\"Gesch\u00e4tzte Lesezeit\" \/>\n\t<meta name=\"twitter:data1\" content=\"6\u00a0Minuten\" \/>\n<script type=\"application\/ld+json\" class=\"yoast-schema-graph\">{\"@context\":\"https:\/\/schema.org\",\"@graph\":[{\"@type\":\"WebPage\",\"@id\":\"https:\/\/thebarnyard.nl\/de\/bewertungen\/\",\"url\":\"https:\/\/thebarnyard.nl\/de\/bewertungen\/\",\"name\":\"Bewertungen | The Barnyard\",\"isPartOf\":{\"@id\":\"https:\/\/thebarnyard.nl\/de\/#website\"},\"datePublished\":\"2023-06-28T15:29:23+00:00\",\"dateModified\":\"2025-11-26T08:31:24+00:00\",\"description\":\"Bewertungen. Das sagen unsere G\u00e4ste \u00fcber uns.\",\"breadcrumb\":{\"@id\":\"https:\/\/thebarnyard.nl\/de\/bewertungen\/#breadcrumb\"},\"inLanguage\":\"de\",\"potentialAction\":[{\"@type\":\"ReadAction\",\"target\":[\"https:\/\/thebarnyard.nl\/de\/bewertungen\/\"]}]},{\"@type\":\"BreadcrumbList\",\"@id\":\"https:\/\/thebarnyard.nl\/de\/bewertungen\/#breadcrumb\",\"itemListElement\":[{\"@type\":\"ListItem\",\"position\":1,\"name\":\"Home\",\"item\":\"https:\/\/thebarnyard.nl\/de\/\"},{\"@type\":\"ListItem\",\"position\":2,\"name\":\"Bewertungen\"}]},{\"@type\":\"WebSite\",\"@id\":\"https:\/\/thebarnyard.nl\/de\/#website\",\"url\":\"https:\/\/thebarnyard.nl\/de\/\",\"name\":\"The Barnyard\",\"description\":\"Bed &amp; Breakfast Drenthe\",\"publisher\":{\"@id\":\"https:\/\/thebarnyard.nl\/de\/#organization\"},\"potentialAction\":[{\"@type\":\"SearchAction\",\"target\":{\"@type\":\"EntryPoint\",\"urlTemplate\":\"https:\/\/thebarnyard.nl\/de\/?s={search_term_string}\"},\"query-input\":{\"@type\":\"PropertyValueSpecification\",\"valueRequired\":true,\"valueName\":\"search_term_string\"}}],\"inLanguage\":\"de\"},{\"@type\":\"Organization\",\"@id\":\"https:\/\/thebarnyard.nl\/de\/#organization\",\"name\":\"The Barnyard\",\"url\":\"https:\/\/thebarnyard.nl\/de\/\",\"logo\":{\"@type\":\"ImageObject\",\"inLanguage\":\"de\",\"@id\":\"https:\/\/thebarnyard.nl\/de\/#\/schema\/logo\/image\/\",\"url\":\"https:\/\/thebarnyard.nl\/wp-content\/uploads\/2023\/05\/Logo-The-Barnyard.jpg\",\"contentUrl\":\"https:\/\/thebarnyard.nl\/wp-content\/uploads\/2023\/05\/Logo-The-Barnyard.jpg\",\"width\":226,\"height\":135,\"caption\":\"The Barnyard\"},\"image\":{\"@id\":\"https:\/\/thebarnyard.nl\/de\/#\/schema\/logo\/image\/\"},\"sameAs\":[\"https:\/\/www.facebook.com\/profile.php?id=100063474733375\",\"https:\/\/www.instagram.com\/farmlodges_the_barnyard\/\"]}]}<\/script>\n<!-- \/ Yoast SEO plugin. -->","yoast_head_json":{"title":"Bewertungen | The Barnyard","description":"Bewertungen. Das sagen unsere G\u00e4ste \u00fcber uns.","robots":{"index":"index","follow":"follow","max-snippet":"max-snippet:-1","max-image-preview":"max-image-preview:large","max-video-preview":"max-video-preview:-1"},"canonical":"https:\/\/thebarnyard.nl\/de\/bewertungen\/","og_locale":"de_DE","og_type":"article","og_title":"Bewertungen | The Barnyard","og_description":"Bewertungen. Das sagen unsere G\u00e4ste \u00fcber uns.","og_site_name":"The Barnyard","article_publisher":"https:\/\/www.facebook.com\/profile.php?id=100063474733375","article_modified_time":"2025-11-26T08:31:24+00:00","og_image":[{"width":1200,"height":628,"url":"https:\/\/thebarnyard.nl\/wp-content\/uploads\/2023\/08\/The-Barnyard-Social-Share-image.jpg","type":"image\/jpeg"}],"twitter_card":"summary_large_image","twitter_misc":{"Gesch\u00e4tzte Lesezeit":"6\u00a0Minuten"},"schema":{"@context":"https:\/\/schema.org","@graph":[{"@type":"WebPage","@id":"https:\/\/thebarnyard.nl\/de\/bewertungen\/","url":"https:\/\/thebarnyard.nl\/de\/bewertungen\/","name":"Bewertungen | The Barnyard","isPartOf":{"@id":"https:\/\/thebarnyard.nl\/de\/#website"},"datePublished":"2023-06-28T15:29:23+00:00","dateModified":"2025-11-26T08:31:24+00:00","description":"Bewertungen. Das sagen unsere G\u00e4ste \u00fcber uns.","breadcrumb":{"@id":"https:\/\/thebarnyard.nl\/de\/bewertungen\/#breadcrumb"},"inLanguage":"de","potentialAction":[{"@type":"ReadAction","target":["https:\/\/thebarnyard.nl\/de\/bewertungen\/"]}]},{"@type":"BreadcrumbList","@id":"https:\/\/thebarnyard.nl\/de\/bewertungen\/#breadcrumb","itemListElement":[{"@type":"ListItem","position":1,"name":"Home","item":"https:\/\/thebarnyard.nl\/de\/"},{"@type":"ListItem","position":2,"name":"Bewertungen"}]},{"@type":"WebSite","@id":"https:\/\/thebarnyard.nl\/de\/#website","url":"https:\/\/thebarnyard.nl\/de\/","name":"The Barnyard","description":"Bed &amp; Breakfast Drenthe","publisher":{"@id":"https:\/\/thebarnyard.nl\/de\/#organization"},"potentialAction":[{"@type":"SearchAction","target":{"@type":"EntryPoint","urlTemplate":"https:\/\/thebarnyard.nl\/de\/?s={search_term_string}"},"query-input":{"@type":"PropertyValueSpecification","valueRequired":true,"valueName":"search_term_string"}}],"inLanguage":"de"},{"@type":"Organization","@id":"https:\/\/thebarnyard.nl\/de\/#organization","name":"The Barnyard","url":"https:\/\/thebarnyard.nl\/de\/","logo":{"@type":"ImageObject","inLanguage":"de","@id":"https:\/\/thebarnyard.nl\/de\/#\/schema\/logo\/image\/","url":"https:\/\/thebarnyard.nl\/wp-content\/uploads\/2023\/05\/Logo-The-Barnyard.jpg","contentUrl":"https:\/\/thebarnyard.nl\/wp-content\/uploads\/2023\/05\/Logo-The-Barnyard.jpg","width":226,"height":135,"caption":"The Barnyard"},"image":{"@id":"https:\/\/thebarnyard.nl\/de\/#\/schema\/logo\/image\/"},"sameAs":["https:\/\/www.facebook.com\/profile.php?id=100063474733375","https:\/\/www.instagram.com\/farmlodges_the_barnyard\/"]}]}},"_links":{"self":[{"href":"https:\/\/thebarnyard.nl\/de\/wp-json\/wp\/v2\/pages\/12845","targetHints":{"allow":["GET"]}}],"collection":[{"href":"https:\/\/thebarnyard.nl\/de\/wp-json\/wp\/v2\/pages"}],"about":[{"href":"https:\/\/thebarnyard.nl\/de\/wp-json\/wp\/v2\/types\/page"}],"author":[{"embeddable":true,"href":"https:\/\/thebarnyard.nl\/de\/wp-json\/wp\/v2\/users\/1"}],"replies":[{"embeddable":true,"href":"https:\/\/thebarnyard.nl\/de\/wp-json\/wp\/v2\/comments?post=12845"}],"version-history":[{"count":16,"href":"https:\/\/thebarnyard.nl\/de\/wp-json\/wp\/v2\/pages\/12845\/revisions"}],"predecessor-version":[{"id":13807,"href":"https:\/\/thebarnyard.nl\/de\/wp-json\/wp\/v2\/pages\/12845\/revisions\/13807"}],"wp:attachment":[{"href":"https:\/\/thebarnyard.nl\/de\/wp-json\/wp\/v2\/media?parent=12845"}],"curies":[{"name":"wp","href":"https:\/\/api.w.org\/{rel}","templated":true}]}}